{"id":438,"date":"2023-04-22T16:18:47","date_gmt":"2023-04-22T14:18:47","guid":{"rendered":"https:\/\/sam-hameln.de\/wp\/?page_id=438"},"modified":"2023-04-22T16:18:47","modified_gmt":"2023-04-22T14:18:47","slug":"foerderer-verbuendete-und-unterstuetzer","status":"publish","type":"page","link":"https:\/\/archive.sam-hameln.de\/wp\/foerderer-verbuendete-und-unterstuetzer\/","title":{"rendered":"F\u00f6rderer, Verb\u00fcndete und Unterst\u00fctzer"},"content":{"rendered":"","protected":false},"excerpt":{"rendered":"","protected":false},"author":1,"featured_media":0,"parent":0,"menu_order":0,"comment_status":"closed","ping_status":"closed","template":"","meta":{"footnotes":""},"class_list":["post-438","page","type-page","status-publish","hentry"],"_links":{"self":[{"href":"https:\/\/archive.sam-hameln.de\/wp\/wp-json\/wp\/v2\/pages\/438","targetHints":{"allow":["GET"]}}],"collection":[{"href":"https:\/\/archive.sam-hameln.de\/wp\/wp-json\/wp\/v2\/pages"}],"about":[{"href":"https:\/\/archive.sam-hameln.de\/wp\/wp-json\/wp\/v2\/types\/page"}],"author":[{"embeddable":true,"href":"https:\/\/archive.sam-hameln.de\/wp\/wp-json\/wp\/v2\/users\/1"}],"replies":[{"embeddable":true,"href":"https:\/\/archive.sam-hameln.de\/wp\/wp-json\/wp\/v2\/comments?post=438"}],"version-history":[{"count":1,"href":"https:\/\/archive.sam-hameln.de\/wp\/wp-json\/wp\/v2\/pages\/438\/revisions"}],"predecessor-version":[{"id":451,"href":"https:\/\/archive.sam-hameln.de\/wp\/wp-json\/wp\/v2\/pages\/438\/revisions\/451"}],"wp:attachment":[{"href":"https:\/\/archive.sam-hameln.de\/wp\/wp-json\/wp\/v2\/media?parent=438"}],"curies":[{"name":"wp","href":"https:\/\/api.w.org\/{rel}","templated":true}]}}